{"id":2,"date":"2017-08-17T10:24:47","date_gmt":"2017-08-17T16:24:47","guid":{"rendered":"http:\/\/besmacargo.com\/cn-cn\/?page_id=2"},"modified":"2020-04-27T19:33:10","modified_gmt":"2020-04-27T17:33:10","slug":"pagina-ejemplo","status":"publish","type":"page","link":"http:\/\/besmacargo.com\/cn-cn\/","title":{"rendered":"\u4e3b\u9875"},"content":{"rendered":"<p>[et_pb_section bb_built=\u00bb1&#8243; admin_label=\u00bbSecci\u00f3n\u00bb padding_mobile=\u00bboff\u00bb fullwidth=\u00bbon\u00bb][et_pb_fullwidth_slider admin_label=\u00bbControl deslizante de anchura completa\u00bb auto=\u00bbon\u00bb auto_speed=\u00bb5000&#8243; module_id=\u00bbmovil\u00bb header_font_size=\u00bb49px\u00bb]<\/p>\n<p>[et_pb_slide background_image=\u00bbhttp:\/\/besmacargo.com\/cn-cn\/wp-content\/uploads\/slider-besma.jpg\u00bb use_bg_overlay=\u00bboff\u00bb use_text_overlay=\u00bboff\u00bb arrows_custom_color=\u00bb#eeee22&#8243; header_font=\u00bb||||\u00bb header_font_size=\u00bb40&#8243; header_font_size_tablet=\u00bb35&#8243; header_font_size_phone=\u00bb35&#8243; header_text_color=\u00bb#ffff00&#8243; body_font=\u00bb||||\u00bb body_text_color=\u00bb#ffff00&#8243; custom_button=\u00bboff\u00bb button_icon_placement=\u00bbright\u00bb button_on_hover=\u00bbon\u00bb inline_fonts=\u00bbBree Serif,Calligraffitti,Cantata One,Cardo,Changa One,Lato\u00bb]<\/p>\n<h5 style=\"text-align: center;\"><span style=\"color: #f6ff00;\"><em><span style=\"font-family: 'Changa One';\">\u56fd\u9645\u7269\u6d41\u4ee5\u53ca\u8d38\u6613\u89e3\u51b3\u65b9\u6848<\/span><\/em><\/span><\/h5>\n<h6 style=\"text-align: center;\"><span style=\"font-family: Lato;\"><i><strong>\u5982\u4f55\u5e2e\u52a9\u8d35\u53f8?<\/strong><\/i><\/span><\/h6>\n<h4 style=\"text-align: center;\"><img loading=\"lazy\" decoding=\"async\" class=\"alignnone size-full wp-image-805\" src=\"http:\/\/besmacargo.com\/cn-cn\/wp-content\/uploads\/iconos-amarillos-1a.png\" alt=\"\" width=\"71\" height=\"102\" \/>\u00a0<img loading=\"lazy\" decoding=\"async\" class=\"alignnone size-full wp-image-806\" src=\"http:\/\/besmacargo.com\/cn-cn\/wp-content\/uploads\/iconos-amarillos-2a.png\" alt=\"\" width=\"71\" height=\"102\" \/>\u00a0<img loading=\"lazy\" decoding=\"async\" class=\"alignnone size-full wp-image-807\" style=\"color: #666666; font-size: 14px;\" src=\"http:\/\/besmacargo.com\/cn-cn\/wp-content\/uploads\/iconos-amarillos-3a.png\" alt=\"\" width=\"71\" height=\"102\" \/><\/h4>\n<p>[\/et_pb_slide][et_pb_slide background_image=\u00bbhttp:\/\/besmacargo.com\/cn-cn\/wp-content\/uploads\/slider-besma-3.jpg\u00bb use_bg_overlay=\u00bboff\u00bb use_text_overlay=\u00bboff\u00bb arrows_custom_color=\u00bb#eeee22&#8243; header_font=\u00bb||||\u00bb header_font_size=\u00bb40&#8243; header_font_size_tablet=\u00bb35&#8243; header_font_size_phone=\u00bb35&#8243; header_text_color=\u00bb#ffff00&#8243; body_font=\u00bb||||\u00bb body_text_color=\u00bb#ffff00&#8243; custom_button=\u00bboff\u00bb button_icon_placement=\u00bbright\u00bb button_on_hover=\u00bbon\u00bb inline_fonts=\u00bbBree Serif,Calligraffitti,Cantata One,Cardo,Changa One,Lato\u00bb]<\/p>\n<h5 style=\"text-align: center;\"><span style=\"color: #f6ff00;\"><em><span style=\"font-family: 'Changa One';\">\u56fd\u9645\u7269\u6d41\u4ee5\u53ca\u8d38\u6613\u89e3\u51b3\u65b9\u6848<\/span><\/em><\/span><\/h5>\n<h6 style=\"text-align: center;\"><span style=\"font-family: Lato;\"><i><strong>\u5982\u4f55\u5e2e\u52a9\u8d35\u53f8?<\/strong><\/i><\/span><\/h6>\n<h4 style=\"text-align: center;\"><img loading=\"lazy\" decoding=\"async\" class=\"alignnone size-full wp-image-805\" src=\"http:\/\/besmacargo.com\/cn-cn\/wp-content\/uploads\/iconos-amarillos-1a.png\" alt=\"\" width=\"71\" height=\"102\" \/>\u00a0<img loading=\"lazy\" decoding=\"async\" class=\"alignnone size-full wp-image-806\" src=\"http:\/\/besmacargo.com\/cn-cn\/wp-content\/uploads\/iconos-amarillos-2a.png\" alt=\"\" width=\"71\" height=\"102\" \/>\u00a0<img loading=\"lazy\" decoding=\"async\" class=\"alignnone size-full wp-image-807\" src=\"http:\/\/besmacargo.com\/cn-cn\/wp-content\/uploads\/iconos-amarillos-3a.png\" alt=\"\" width=\"71\" height=\"102\" \/><\/h4>\n<p>[\/et_pb_slide][et_pb_slide background_image=\u00bbhttp:\/\/besmacargo.com\/cn-cn\/wp-content\/uploads\/slider-besma-2-2.jpg\u00bb use_bg_overlay=\u00bboff\u00bb use_text_overlay=\u00bboff\u00bb header_font=\u00bb||||\u00bb body_font=\u00bb||||\u00bb custom_button=\u00bboff\u00bb button_icon_placement=\u00bbright\u00bb button_on_hover=\u00bbon\u00bb]<\/p>\n<h5 style=\"text-align: center;\"><span style=\"color: #f6ff00;\"><em><span style=\"font-family: 'Changa One';\">\u56fd\u9645\u7269\u6d41\u4ee5\u53ca\u8d38\u6613\u89e3\u51b3\u65b9\u6848<\/span><\/em><\/span><\/h5>\n<h6 style=\"text-align: center;\"><span style=\"font-family: Lato;\"><i><strong>\u5982\u4f55\u5e2e\u52a9\u8d35\u53f8?<\/strong><\/i><\/span><\/h6>\n<h4 style=\"text-align: center;\"><img loading=\"lazy\" decoding=\"async\" class=\"alignnone size-full wp-image-805\" src=\"http:\/\/besmacargo.com\/cn-cn\/wp-content\/uploads\/iconos-amarillos-1a.png\" alt=\"\" width=\"71\" height=\"102\" \/>\u00a0<img loading=\"lazy\" decoding=\"async\" class=\"alignnone size-full wp-image-806\" src=\"http:\/\/besmacargo.com\/cn-cn\/wp-content\/uploads\/iconos-amarillos-2a.png\" alt=\"\" width=\"71\" height=\"102\" \/>\u00a0<img loading=\"lazy\" decoding=\"async\" class=\"alignnone size-full wp-image-807\" src=\"http:\/\/besmacargo.com\/cn-cn\/wp-content\/uploads\/iconos-amarillos-3a.png\" alt=\"\" width=\"71\" height=\"102\" \/><\/h4>\n<p>[\/et_pb_slide]<\/p>\n<p>[\/et_pb_fullwidth_slider][\/et_pb_section][et_pb_section bb_built=\u00bb1&#8243; admin_label=\u00bbSecci\u00f3n\u00bb custom_padding=\u00bb38px|0px|40px|0px\u00bb padding_mobile=\u00bboff\u00bb][et_pb_row admin_label=\u00bbFila\u00bb padding_mobile=\u00bboff\u00bb column_padding_mobile=\u00bbon\u00bb][et_pb_column type=\u00bb4_4&#8243;][et_pb_text admin_label=\u00bbTitulo\u00bb text_orientation=\u00bbcenter\u00bb]<\/p>\n<h1>\u4e3a\u60a8\u63d0\u4f9b\u6ee1\u610f\u4f18\u8d28\u7684\u670d\u52a1<\/h1>\n<h2><strong>\u5982\u4f55\u5e2e\u52a9\u8d35\u53f8<\/strong><strong>?<\/strong><\/h2>\n<p>[\/et_pb_text][\/et_pb_column][\/et_pb_row][et_pb_row admin_label=\u00bbFila\u00bb custom_padding=\u00bb13px|0px|14px|0px\u00bb padding_mobile=\u00bboff\u00bb column_padding_mobile=\u00bbon\u00bb][et_pb_column type=\u00bb1_3&#8243;][et_pb_text admin_label=\u00bbServicios de calidad\u00bb text_orientation=\u00bbcenter\u00bb]<\/p>\n<p><img loading=\"lazy\" decoding=\"async\" class=\"alignnone size-medium wp-image-296\" src=\"http:\/\/besmacargo.com\/cn-cn\/wp-content\/uploads\/i-servicios-besma-1-1-300x231.jpg\" alt=\"i-servicios-besma-1\" width=\"300\" height=\"231\" \/><\/p>\n<h3>\u8986\u76d6\u9762\u5e7f<\/h3>\n<p>\u4e0e\u897f\u73ed\u7259\u3001\u58a8\u897f\u54e5\u7684\u4e09\u8fb9\u5408\u4f5c\u4e3a\u60a8\u63d0\u4f9b\u5e7f\u6cdb\u7684\u670d\u52a1\u7f51\u7edc<\/p>\n<p>[\/et_pb_text][et_pb_button admin_label=\u00bbBot\u00f3n\u00bb button_url=\u00bbhttp:\/\/besmacargo.com\/cn-cn\/\u516c\u53f8\u00bb button_text=\u00bb\u66f4\u591a\u7ec6\u8282\u00bb button_alignment=\u00bbcenter\u00bb custom_button=\u00bbon\u00bb button_text_size=\u00bb16px\u00bb button_text_color=\u00bb#ffffff\u00bb button_bg_color=\u00bb#1a5b00&#8243; button_border_width=\u00bb0px\u00bb button_border_radius=\u00bb4px\u00bb button_use_icon=\u00bbon\u00bb button_icon=\u00bb9&#8243; button_on_hover=\u00bboff\u00bb background_color=\u00bb#7EBEC5&#8243; \/][\/et_pb_column][et_pb_column type=\u00bb1_3&#8243;][et_pb_text admin_label=\u00bbOficinas en M\u00e9xico\u00bb text_orientation=\u00bbcenter\u00bb]<\/p>\n<p><img loading=\"lazy\" decoding=\"async\" class=\"alignnone wp-image-810 size-medium\" src=\"http:\/\/besmacargo.com\/cn-cn\/wp-content\/uploads\/i-servicios-besma-china-home2-300x231.jpg\" alt=\"\" width=\"300\" height=\"231\" \/><\/p>\n<h3>\u4e2d\u56fd\u5206\u516c\u53f8<\/h3>\n<p>\u4e2d\u56fd\u5404\u5730\u7684\u5206\u516c\u53f8\u53ef\u4ee5\u4e3a\u60a8\u63d0\u4f9b\u5168\u9762\u7269\u6d41\u7684\u670d\u52a1<\/p>\n<p>[\/et_pb_text][et_pb_button admin_label=\u00bbBot\u00f3n\u00bb button_url=\u00bbhttp:\/\/besmacargo.com\/cn-cn\/\u4e2d\u56fd\u5206\u516c\u53f8\u00bb button_text=\u00bb\u66f4\u591a\u7ec6\u8282\u00bb button_alignment=\u00bbcenter\u00bb custom_button=\u00bbon\u00bb button_text_size=\u00bb16px\u00bb button_text_color=\u00bb#ffffff\u00bb button_bg_color=\u00bb#1a5b00&#8243; button_border_width=\u00bb0px\u00bb button_border_radius=\u00bb4px\u00bb button_use_icon=\u00bbon\u00bb button_icon=\u00bb9&#8243; button_on_hover=\u00bboff\u00bb background_color=\u00bb#7EBEC5&#8243; \/][\/et_pb_column][et_pb_column type=\u00bb1_3&#8243;][et_pb_text admin_label=\u00bbOficinas en el mundo\u00bb text_orientation=\u00bbcenter\u00bb]<\/p>\n<p><img loading=\"lazy\" decoding=\"async\" class=\"alignnone size-medium wp-image-292\" src=\"http:\/\/besmacargo.com\/cn-cn\/wp-content\/uploads\/i-servicios-besma-3-2-300x231.jpg\" alt=\"i-servicios-besma-3\" width=\"300\" height=\"231\" \/><\/p>\n<h3>\u4e16\u754c\u5404\u5730\u5206\u516c\u53f8<\/h3>\n<p>\u4e16\u754c\u5404\u5730\u5206\u516c\u53f8\u4e3a\u60a8\u63d0\u4f9b\u5b8c\u5584\u7684\u7269\u6d41\u89e3\u51b3\u65b9\u6848<span style=\"color: #ffffff;\">&#8230;..<\/span><\/p>\n<p>[\/et_pb_text][et_pb_button admin_label=\u00bbBot\u00f3n\u00bb button_url=\u00bbhttp:\/\/besmacargo.com\/\u00bb button_text=\u00bb\u66f4\u591a\u7ec6\u8282\u00bb button_alignment=\u00bbcenter\u00bb custom_button=\u00bbon\u00bb button_text_size=\u00bb16px\u00bb button_text_color=\u00bb#ffffff\u00bb button_bg_color=\u00bb#1a5b00&#8243; button_border_width=\u00bb0px\u00bb button_border_radius=\u00bb4px\u00bb button_use_icon=\u00bbon\u00bb button_icon=\u00bb9&#8243; button_on_hover=\u00bboff\u00bb background_color=\u00bb#7EBEC5&#8243; url_new_window=\u00bboff\u00bb background_layout=\u00bblight\u00bb button_letter_spacing=\u00bb0&#8243; button_icon_placement=\u00bbright\u00bb button_letter_spacing_hover=\u00bb0&#8243; \/][\/et_pb_column][\/et_pb_row][\/et_pb_section][et_pb_section bb_built=\u00bb1&#8243; admin_label=\u00bbSecci\u00f3n\u00bb padding_mobile=\u00bboff\u00bb fullwidth=\u00bbon\u00bb][et_pb_fullwidth_header admin_label=\u00bbT\u00edtulo de anchura completa\u00bb title=\u00bb\u4e13\u6ce8\u56fd\u9645\u7269\u6d41\u53ca\u56fd\u9645\u8d38\u6613\u89e3\u51b3\u65b9\u6848\u00bb background_layout=\u00bbdark\u00bb text_orientation=\u00bbcenter\u00bb title_font_color=\u00bb#faff00&#8243; button_one_text=\u00bb\u8054\u7cfb\u6211\u4eec\u00bb button_one_url=\u00bbhttp:\/\/besmacargo.com\/cn-cn\/\u8054\u7cfb\u6211\u4eec\u00bb background_url=\u00bbhttp:\/\/besmacargo.com\/cn-cn\/wp-content\/uploads\/besma-contactanos-3-2.jpg\u00bb background_overlay_color=\u00bbrgba(0,0,0,0.52)\u00bb parallax=\u00bbon\u00bb title_font=\u00bb|on|on||\u00bb title_font_size=\u00bb35px\u00bb subhead_font=\u00bb|on|on||\u00bb subhead_font_size=\u00bb24px\u00bb custom_button_one=\u00bbon\u00bb button_one_text_color=\u00bb#1d4c00&#8243; button_one_bg_color=\u00bb#edf000&#8243; button_one_border_width=\u00bb1px\u00bb button_one_border_color=\u00bb#edf000&#8243; button_one_border_radius=\u00bb7px\u00bb button_one_font=\u00bb|on|||\u00bb button_one_use_icon=\u00bbon\u00bb button_one_icon=\u00bb9&#8243; button_one_on_hover=\u00bboff\u00bb \/][\/et_pb_section]<\/p>\n","protected":false},"excerpt":{"rendered":"<p>\u56fd\u9645\u7269\u6d41\u4ee5\u53ca\u8d38\u6613\u89e3\u51b3\u65b9\u6848 \u5982\u4f55\u5e2e\u52a9\u8d35\u53f8? \u00a0\u00a0 \u56fd\u9645\u7269\u6d41\u4ee5\u53ca\u8d38\u6613\u89e3\u51b3\u65b9\u6848 \u5982\u4f55\u5e2e\u52a9\u8d35\u53f8? \u00a0\u00a0 \u56fd\u9645\u7269\u6d41\u4ee5\u53ca\u8d38\u6613\u89e3\u51b3\u65b9\u6848 \u5982\u4f55\u5e2e\u52a9\u8d35\u53f8? \u00a0\u00a0 \u4e3a\u60a8\u63d0\u4f9b\u6ee1\u610f\u4f18\u8d28\u7684\u670d\u52a1 \u5982\u4f55\u5e2e\u52a9\u8d35\u53f8? \u8986\u76d6\u9762\u5e7f \u4e0e\u897f\u73ed\u7259\u3001\u58a8\u897f\u54e5\u7684\u4e09\u8fb9\u5408\u4f5c\u4e3a\u60a8\u63d0\u4f9b\u5e7f\u6cdb\u7684\u670d\u52a1\u7f51\u7edc \u4e2d\u56fd\u5206\u516c\u53f8 \u4e2d\u56fd\u5404\u5730\u7684\u5206\u516c\u53f8\u53ef\u4ee5\u4e3a\u60a8\u63d0\u4f9b\u5168\u9762\u7269\u6d41\u7684\u670d\u52a1 \u4e16\u754c\u5404\u5730\u5206\u516c\u53f8 \u4e16\u754c\u5404\u5730\u5206\u516c\u53f8\u4e3a\u60a8\u63d0\u4f9b\u5b8c\u5584\u7684\u7269\u6d41\u89e3\u51b3\u65b9\u6848&#8230;..<\/p>\n","protected":false},"author":2,"featured_media":0,"parent":0,"menu_order":0,"comment_status":"closed","ping_status":"open","template":"","meta":{"_et_pb_use_builder":"on","_et_pb_old_content":"Esta es una p\u00e1gina de ejemplo, Es diferente a una entrada de un blog porque se mantiene est\u00e1tica y se mostrar\u00e1 en la barra de navegaci\u00f3n (en la mayor\u00eda de temas). Casi todo el mundo comienza con una p\u00e1gina \"Acerca De\" para presentarse a los potenciales visitantes. Podr\u00eda ser algo as\u00ed:\r\n\r\n<blockquote>\u00a1Hola!: Soy mensajero por el d\u00eda, aspirante a actor por la noche y esta es mi web. Vivo en Guadalajara, tengo un gran perro llamado Khal y me encantan las pi\u00f1as coladas (y empaparme en la lluvia)<\/blockquote>\r\n\r\n\u2026 o algo as\u00ed:\r\n\r\n<blockquote>La empresa Banpatr\u00e1s XYZ se fund\u00f3 en 1971, y ha estado invirtiendo el ahorro de sus clientes desde entonces. Ubicada en Ciudad G\u00f3tica, Banpatr\u00e1s XYZ tiene m\u00e1s de 2.000 empleados e hace toda clase de cosas incre\u00edbles por la comunidad de Ciudad G\u00f3tica<\/blockquote>\r\n\r\nSi eres nuevo en WordPress deber\u00edas ir a <a href=\"http:\/\/besmacargo.com\/cn-cn\/wp-admin\/\">tu escritorio<\/a> para borrar esta p\u00e1gina y crear algunas nuevas con tu contenido. \u00a1Divi\u00e9rtete!","_et_gb_content_width":"","footnotes":""},"class_list":["post-2","page","type-page","status-publish","hentry"],"aioseo_notices":[],"_links":{"self":[{"href":"http:\/\/besmacargo.com\/cn-cn\/wp-json\/wp\/v2\/pages\/2","targetHints":{"allow":["GET"]}}],"collection":[{"href":"http:\/\/besmacargo.com\/cn-cn\/wp-json\/wp\/v2\/pages"}],"about":[{"href":"http:\/\/besmacargo.com\/cn-cn\/wp-json\/wp\/v2\/types\/page"}],"author":[{"embeddable":true,"href":"http:\/\/besmacargo.com\/cn-cn\/wp-json\/wp\/v2\/users\/2"}],"replies":[{"embeddable":true,"href":"http:\/\/besmacargo.com\/cn-cn\/wp-json\/wp\/v2\/comments?post=2"}],"version-history":[{"count":13,"href":"http:\/\/besmacargo.com\/cn-cn\/wp-json\/wp\/v2\/pages\/2\/revisions"}],"predecessor-version":[{"id":855,"href":"http:\/\/besmacargo.com\/cn-cn\/wp-json\/wp\/v2\/pages\/2\/revisions\/855"}],"wp:attachment":[{"href":"http:\/\/besmacargo.com\/cn-cn\/wp-json\/wp\/v2\/media?parent=2"}],"curies":[{"name":"wp","href":"https:\/\/api.w.org\/{rel}","templated":true}]}}