{"id":519,"date":"2017-08-21T16:41:19","date_gmt":"2017-08-21T16:41:19","guid":{"rendered":"http:\/\/besmacargo.com\/cn-es\/?page_id=519"},"modified":"2018-02-27T18:33:46","modified_gmt":"2018-02-27T18:33:46","slug":"inicio","status":"publish","type":"page","link":"http:\/\/besmacargo.com\/cn-es\/","title":{"rendered":"Inicio"},"content":{"rendered":"<p>[et_pb_section fb_built=\u00bb1&#8243; fullwidth=\u00bbon\u00bb admin_label=\u00bbSecci\u00f3n\u00bb custom_padding_last_edited=\u00bbon|desktop\u00bb _builder_version=\u00bb3.0.47&#8243; custom_padding_tablet=\u00bb50px|0|50px|0&#8243; padding_mobile=\u00bboff\u00bb][et_pb_fullwidth_slider admin_label=\u00bbControl deslizante de anchura completa\u00bb module_id=\u00bbmovil\u00bb _builder_version=\u00bb3.0.105&#8243; header_font=\u00bbChanga One|on|on||\u00bb header_font_size=\u00bb49px\u00bb body_font=\u00bbChanga One||||\u00bb custom_padding=\u00bb|||\u00bb custom_padding_tablet=\u00bb|||\u00bb custom_padding_phone=\u00bb|||\u00bb auto=\u00bbon\u00bb auto_speed=\u00bb5000&#8243; box_shadow_style=\u00bbpreset6&#8243; box_shadow_blur=\u00bb10px\u00bb box_shadow_color=\u00bbrgba(0,0,0,0.1)\u00bb show_inner_shadow=\u00bbon\u00bb][et_pb_slide use_bg_overlay=\u00bboff\u00bb use_text_overlay=\u00bboff\u00bb arrows_custom_color=\u00bb#eeee22&#8243; _builder_version=\u00bb3.0.105&#8243; header_font=\u00bbChanga One||||\u00bb header_font_size=\u00bb40&#8243; header_font_size_tablet=\u00bb35&#8243; header_font_size_phone=\u00bb35&#8243; header_text_color=\u00bb#ffff00&#8243; body_font=\u00bbChanga One||||\u00bb body_text_color=\u00bb#ffff00&#8243; background_image=\u00bbhttp:\/\/besmacargo.com\/cn-es\/wp-content\/uploads\/slider-besma.jpg\u00bb custom_button=\u00bboff\u00bb button_icon_placement=\u00bbright\u00bb button_on_hover=\u00bbon\u00bb inline_fonts=\u00bbBree Serif,Calligraffitti,Cantata One,Cardo,Changa One,Lato\u00bb background_color=\u00bb#ffffff\u00bb]<\/p>\n<h5 style=\"text-align: center;\"><strong><span style=\"color: #f6ff00;\"><em><span style=\"font-family: 'Changa One';\">Log\u00edstica y comercio exterior<\/span><\/em><\/span><\/strong><\/h5>\n<h6 style=\"text-align: center;\"><span style=\"font-family: Lato;\"><i><strong>\u00bfC\u00f3mo podemos ayudar a su empresa<\/strong>?<\/i><\/span><\/h6>\n<h4 style=\"text-align: center;\"><img loading=\"lazy\" decoding=\"async\" class=\"alignnone size-full wp-image-188\" src=\"http:\/\/besmacargo.com\/cn-es\/wp-content\/uploads\/s-experiencia-besma-3.png\" alt=\"s-experiencia-besma\" width=\"71\" height=\"102\" \/>\u00a0 \u00a0<img loading=\"lazy\" decoding=\"async\" class=\"alignnone size-full wp-image-578\" src=\"http:\/\/besmacargo.com\/cn-es\/wp-content\/uploads\/iconos-amarillos-catalan-espa\u00f1olfinal.png\" alt=\"\" width=\"71\" height=\"102\" \/>\u00a0\u00a0\u00a0<img loading=\"lazy\" decoding=\"async\" class=\"alignnone wp-image-623 size-full\" src=\"http:\/\/besmacargo.com\/cn-es\/wp-content\/uploads\/iconos-amarillos-china-espanol.png\" alt=\"\" width=\"71\" height=\"102\" \/><\/h4>\n<p>[\/et_pb_slide][et_pb_slide use_bg_overlay=\u00bboff\u00bb use_text_overlay=\u00bboff\u00bb arrows_custom_color=\u00bb#eeee22&#8243; _builder_version=\u00bb3.0.105&#8243; header_font=\u00bb||||\u00bb header_font_size=\u00bb40&#8243; header_font_size_tablet=\u00bb35&#8243; header_font_size_phone=\u00bb35&#8243; header_text_color=\u00bb#ffff00&#8243; body_font=\u00bb||||\u00bb body_text_color=\u00bb#ffff00&#8243; background_image=\u00bbhttp:\/\/besmacargo.com\/cn-es\/wp-content\/uploads\/slider-besma-3.jpg\u00bb custom_button=\u00bboff\u00bb button_icon_placement=\u00bbright\u00bb button_on_hover=\u00bbon\u00bb inline_fonts=\u00bbBree Serif,Calligraffitti,Cantata One,Cardo,Changa One,Lato\u00bb background_color=\u00bb#ffffff\u00bb]<\/p>\n<h5 style=\"text-align: center;\"><strong><span style=\"color: #f6ff00;\"><em><span style=\"font-family: 'Changa One';\">Log\u00edstica y comercio exterior<\/span><\/em><\/span><\/strong><\/h5>\n<h6 style=\"text-align: center;\"><strong><span style=\"font-family: Lato;\"><i>\u00bfC\u00f3mo podemos ayudar a su empresa?<\/i><\/span><\/strong><\/h6>\n<h4><img loading=\"lazy\" decoding=\"async\" class=\"alignnone size-full wp-image-188\" src=\"http:\/\/besmacargo.com\/cn-es\/wp-content\/uploads\/s-experiencia-besma-3.png\" alt=\"s-experiencia-besma\" width=\"71\" height=\"102\" \/>\u00a0 \u00a0<img loading=\"lazy\" decoding=\"async\" class=\"alignnone size-full wp-image-578\" src=\"http:\/\/besmacargo.com\/cn-es\/wp-content\/uploads\/iconos-amarillos-catalan-espa\u00f1olfinal.png\" alt=\"\" width=\"71\" height=\"102\" \/>\u00a0\u00a0\u00a0<img loading=\"lazy\" decoding=\"async\" class=\"alignnone wp-image-623 size-full\" src=\"http:\/\/besmacargo.com\/cn-es\/wp-content\/uploads\/iconos-amarillos-china-espanol.png\" alt=\"\" width=\"71\" height=\"102\" \/><\/h4>\n<p>[\/et_pb_slide][et_pb_slide use_bg_overlay=\u00bboff\u00bb use_text_overlay=\u00bboff\u00bb _builder_version=\u00bb3.0.47&#8243; header_font=\u00bb||||\u00bb body_font=\u00bb||||\u00bb background_image=\u00bbhttp:\/\/besmacargo.com\/cn-es\/wp-content\/uploads\/slider-besma-2-2.jpg\u00bb custom_button=\u00bboff\u00bb button_icon_placement=\u00bbright\u00bb button_on_hover=\u00bbon\u00bb background_color=\u00bb#ffffff\u00bb]<\/p>\n<h5 style=\"text-align: center;\"><strong><span style=\"color: #f6ff00;\"><em><span style=\"font-family: 'Changa One';\">Log\u00edstica y comercio exterior<\/span><\/em><\/span><\/strong><\/h5>\n<h6 style=\"text-align: center;\"><strong><span style=\"font-family: Lato;\"><i>\u00bfC\u00f3mo podemos ayudar a su empresa?<\/i><\/span><\/strong><\/h6>\n<h4 style=\"text-align: center;\"><img loading=\"lazy\" decoding=\"async\" class=\"alignnone size-full wp-image-188\" src=\"wp-content\/uploads\/s-experiencia-besma-3.png\" alt=\"s-experiencia-besma\" width=\"71\" height=\"102\" \/>\u00a0 \u00a0<img loading=\"lazy\" decoding=\"async\" class=\"alignnone size-full wp-image-578\" src=\"wp-content\/uploads\/iconos-amarillos-catalan-espa\u00f1olfinal.png\" alt=\"\" width=\"71\" height=\"102\" \/>\u00a0 \u00a0<img loading=\"lazy\" decoding=\"async\" class=\"alignnone size-full wp-image-623\" src=\"wp-content\/uploads\/iconos-amarillos-china-espanol.png\" alt=\"\" width=\"71\" height=\"102\" \/><\/h4>\n<p>[\/et_pb_slide][\/et_pb_fullwidth_slider][\/et_pb_section][et_pb_section fb_built=\u00bb1&#8243; admin_label=\u00bbSecci\u00f3n\u00bb custom_padding_last_edited=\u00bbon|desktop\u00bb _builder_version=\u00bb3.0.47&#8243; custom_padding=\u00bb38px|0px|40px|0px\u00bb custom_padding_tablet=\u00bb50px|0|50px|0&#8243; padding_mobile=\u00bboff\u00bb][et_pb_row padding_mobile=\u00bboff\u00bb column_padding_mobile=\u00bbon\u00bb admin_label=\u00bbFila\u00bb _builder_version=\u00bb3.0.47&#8243; background_size=\u00bbinitial\u00bb background_position=\u00bbtop_left\u00bb background_repeat=\u00bbrepeat\u00bb][et_pb_column type=\u00bb4_4&#8243; _builder_version=\u00bb3.0.47&#8243; column_padding_mobile=\u00bbon\u00bb parallax=\u00bboff\u00bb parallax_method=\u00bbon\u00bb][et_pb_text admin_label=\u00bbTitulo\u00bb _builder_version=\u00bb3.0.47&#8243; background_size=\u00bbinitial\u00bb background_position=\u00bbtop_left\u00bb background_repeat=\u00bbrepeat\u00bb text_orientation=\u00bbcenter\u00bb module_alignment=\u00bbcenter\u00bb]<\/p>\n<h1><strong>Satisfacci\u00f3n total<\/strong>\u00a0para nuestros clientes<\/h1>\n<h2>\u00bfC\u00f3mo podemos ayudar a su empresa?<\/h2>\n<p>[\/et_pb_text][\/et_pb_column][\/et_pb_row][et_pb_row custom_padding=\u00bb13px|0px|14px|0px\u00bb padding_mobile=\u00bboff\u00bb column_padding_mobile=\u00bbon\u00bb admin_label=\u00bbFila\u00bb _builder_version=\u00bb3.0.47&#8243; background_size=\u00bbinitial\u00bb background_position=\u00bbtop_left\u00bb background_repeat=\u00bbrepeat\u00bb][et_pb_column type=\u00bb1_3&#8243; _builder_version=\u00bb3.0.47&#8243; column_padding_mobile=\u00bbon\u00bb parallax=\u00bboff\u00bb parallax_method=\u00bbon\u00bb][et_pb_text admin_label=\u00bbServicios de calidad\u00bb _builder_version=\u00bb3.0.47&#8243; background_size=\u00bbinitial\u00bb background_position=\u00bbtop_left\u00bb background_repeat=\u00bbrepeat\u00bb text_orientation=\u00bbcenter\u00bb module_alignment=\u00bbcenter\u00bb]<img loading=\"lazy\" decoding=\"async\" class=\"alignnone size-medium wp-image-296\" src=\"http:\/\/besmacargo.com\/cn-es\/wp-content\/uploads\/i-servicios-besma-1-1-300x231.jpg\" alt=\"i-servicios-besma-1\" width=\"300\" height=\"231\" \/><\/p>\n<h3>Amplia cobertura<\/h3>\n<p>Somos una<strong> corporaci\u00f3n de capital Espa\u00f1ol y Mexicano<\/strong>.<br \/>\n[\/et_pb_text][et_pb_button button_url=\u00bbhttp:\/\/besmacargo.com\/cn-es\/empresa\/\u00bb button_text=\u00bbM\u00e1s informaci\u00f3n\u00bb button_alignment=\u00bbcenter\u00bb admin_label=\u00bbBot\u00f3n\u00bb _builder_version=\u00bb3.0.47&#8243; custom_button=\u00bbon\u00bb button_text_size=\u00bb16px\u00bb button_text_color=\u00bb#ffffff\u00bb button_bg_color=\u00bb#1a5b00&#8243; button_border_width=\u00bb0px\u00bb button_border_radius=\u00bb4px\u00bb button_icon=\u00bb9&#8243; button_on_hover=\u00bboff\u00bb][\/et_pb_button][\/et_pb_column][et_pb_column type=\u00bb1_3&#8243; _builder_version=\u00bb3.0.47&#8243; column_padding_mobile=\u00bbon\u00bb parallax=\u00bboff\u00bb parallax_method=\u00bbon\u00bb][et_pb_text admin_label=\u00bbOficinas en M\u00e9xico\u00bb _builder_version=\u00bb3.0.47&#8243; background_size=\u00bbinitial\u00bb background_position=\u00bbtop_left\u00bb background_repeat=\u00bbrepeat\u00bb text_orientation=\u00bbcenter\u00bb module_alignment=\u00bbcenter\u00bb]<img loading=\"lazy\" decoding=\"async\" class=\"alignnone wp-image-574 size-medium\" src=\"http:\/\/besmacargo.com\/cn-es\/wp-content\/uploads\/i-servicios-besma-mapa2b-300x231.jpg\" alt=\"\" width=\"300\" height=\"231\" \/><\/p>\n<h3>Oficinas en China<\/h3>\n<p>Contamos con <strong>diferentes sedes en China<\/strong> para asesorarte.<br \/>\n[\/et_pb_text][et_pb_button button_url=\u00bbhttp:\/\/besmacargo.com\/cn-es\/oficinas-en-china\/\u00bb button_text=\u00bbM\u00e1s informaci\u00f3n\u00bb button_alignment=\u00bbcenter\u00bb admin_label=\u00bbBot\u00f3n\u00bb _builder_version=\u00bb3.0.47&#8243; custom_button=\u00bbon\u00bb button_text_size=\u00bb16px\u00bb button_text_color=\u00bb#ffffff\u00bb button_bg_color=\u00bb#1a5b00&#8243; button_border_width=\u00bb0px\u00bb button_border_radius=\u00bb4px\u00bb button_icon=\u00bb9&#8243; button_on_hover=\u00bboff\u00bb][\/et_pb_button][\/et_pb_column][et_pb_column type=\u00bb1_3&#8243; _builder_version=\u00bb3.0.47&#8243; column_padding_mobile=\u00bbon\u00bb parallax=\u00bboff\u00bb parallax_method=\u00bbon\u00bb][et_pb_text admin_label=\u00bbOficinas en el mundo\u00bb _builder_version=\u00bb3.0.47&#8243; background_size=\u00bbinitial\u00bb background_position=\u00bbtop_left\u00bb background_repeat=\u00bbrepeat\u00bb text_orientation=\u00bbcenter\u00bb module_alignment=\u00bbcenter\u00bb]<img loading=\"lazy\" decoding=\"async\" class=\"alignnone size-medium wp-image-292\" src=\"http:\/\/besmacargo.com\/cn-es\/wp-content\/uploads\/i-servicios-besma-3-2-300x231.jpg\" alt=\"i-servicios-besma-3\" width=\"300\" height=\"231\" \/><\/p>\n<h3>Oficinas en\u00a0el mundo<\/h3>\n<p>Tenemos<strong>\u00a0<\/strong>diferentes<strong> sedes en el mundo<\/strong>\u00a0para dar soluciones.<br \/>\n[\/et_pb_text][et_pb_button button_url=\u00bbhttp:\/\/besmacargo.com\/\u00bb button_text=\u00bbM\u00e1s informaci\u00f3n\u00bb button_alignment=\u00bbcenter\u00bb admin_label=\u00bbBot\u00f3n\u00bb _builder_version=\u00bb3.0.47&#8243; custom_button=\u00bbon\u00bb button_text_size=\u00bb16px\u00bb button_text_color=\u00bb#ffffff\u00bb button_bg_color=\u00bb#1a5b00&#8243; button_border_width=\u00bb0px\u00bb button_border_radius=\u00bb4px\u00bb button_icon=\u00bb9&#8243; button_on_hover=\u00bboff\u00bb][\/et_pb_button][\/et_pb_column][\/et_pb_row][\/et_pb_section][et_pb_section fb_built=\u00bb1&#8243; fullwidth=\u00bbon\u00bb admin_label=\u00bbSecci\u00f3n\u00bb custom_padding_last_edited=\u00bbon|desktop\u00bb _builder_version=\u00bb3.0.47&#8243; custom_padding_tablet=\u00bb50px|0|50px|0&#8243; padding_mobile=\u00bboff\u00bb][et_pb_fullwidth_header title=\u00bbExpertos en log\u00edstica y comercio exterior\u00bb background_layout=\u00bbdark\u00bb text_orientation=\u00bbcenter\u00bb button_one_text=\u00bbCont\u00e1ctanos\u00bb button_one_url=\u00bbhttp:\/\/besmacargo.com\/cn-es\/contacto\/\u00bb background_overlay_color=\u00bbrgba(0,0,0,0.52)\u00bb title_font_color=\u00bb#faff00&#8243; admin_label=\u00bbT\u00edtulo de anchura completa\u00bb _builder_version=\u00bb3.0.47&#8243; title_font=\u00bb|on|on||\u00bb title_font_size=\u00bb35px\u00bb title_text_color=\u00bb#faff00&#8243; subhead_font=\u00bb|on|on||\u00bb subhead_font_size=\u00bb24px\u00bb background_image=\u00bbhttp:\/\/besmacargo.com\/cn-es\/wp-content\/uploads\/besma-contactanos-3-2.jpg\u00bb parallax=\u00bbon\u00bb custom_button_one=\u00bbon\u00bb button_one_text_color=\u00bb#1d4c00&#8243; button_one_bg_color=\u00bb#edf000&#8243; button_one_border_width=\u00bb1px\u00bb button_one_border_color=\u00bb#edf000&#8243; button_one_border_radius=\u00bb7px\u00bb button_one_font=\u00bb|on|||\u00bb button_one_icon=\u00bb9&#8243; button_one_on_hover=\u00bboff\u00bb background_url=\u00bbhttp:\/\/besmacargo.com\/cn-es\/wp-content\/uploads\/besma-contactanos-3-2.jpg\u00bb][\/et_pb_fullwidth_header][\/et_pb_section]<\/p>\n","protected":false},"excerpt":{"rendered":"<p>Log\u00edstica y comercio exterior \u00bfC\u00f3mo podemos ayudar a su empresa? \u00a0 \u00a0\u00a0\u00a0\u00a0 Log\u00edstica y comercio exterior \u00bfC\u00f3mo podemos ayudar a su empresa? \u00a0 \u00a0\u00a0\u00a0\u00a0 Log\u00edstica y comercio exterior \u00bfC\u00f3mo podemos ayudar a su empresa? \u00a0 \u00a0\u00a0 \u00a0Satisfacci\u00f3n total\u00a0para nuestros clientes \u00bfC\u00f3mo podemos ayudar a su empresa? Amplia cobertura Somos una corporaci\u00f3n de capital Espa\u00f1ol y [&hellip;]<\/p>\n","protected":false},"author":2,"featured_media":0,"parent":0,"menu_order":0,"comment_status":"closed","ping_status":"closed","template":"","meta":{"_et_pb_use_builder":"on","_et_pb_old_content":"","_et_gb_content_width":"","footnotes":""},"class_list":["post-519","page","type-page","status-publish","hentry"],"aioseo_notices":[],"_links":{"self":[{"href":"http:\/\/besmacargo.com\/cn-es\/wp-json\/wp\/v2\/pages\/519","targetHints":{"allow":["GET"]}}],"collection":[{"href":"http:\/\/besmacargo.com\/cn-es\/wp-json\/wp\/v2\/pages"}],"about":[{"href":"http:\/\/besmacargo.com\/cn-es\/wp-json\/wp\/v2\/types\/page"}],"author":[{"embeddable":true,"href":"http:\/\/besmacargo.com\/cn-es\/wp-json\/wp\/v2\/users\/2"}],"replies":[{"embeddable":true,"href":"http:\/\/besmacargo.com\/cn-es\/wp-json\/wp\/v2\/comments?post=519"}],"version-history":[{"count":17,"href":"http:\/\/besmacargo.com\/cn-es\/wp-json\/wp\/v2\/pages\/519\/revisions"}],"predecessor-version":[{"id":650,"href":"http:\/\/besmacargo.com\/cn-es\/wp-json\/wp\/v2\/pages\/519\/revisions\/650"}],"wp:attachment":[{"href":"http:\/\/besmacargo.com\/cn-es\/wp-json\/wp\/v2\/media?parent=519"}],"curies":[{"name":"wp","href":"https:\/\/api.w.org\/{rel}","templated":true}]}}