{"id":537,"date":"2017-08-21T16:56:21","date_gmt":"2017-08-21T16:56:21","guid":{"rendered":"http:\/\/besmacargo.com\/cn-es\/?page_id=537"},"modified":"2017-09-04T16:08:50","modified_gmt":"2017-09-04T16:08:50","slug":"aviso-de-privacidad","status":"publish","type":"page","link":"http:\/\/besmacargo.com\/cn-es\/aviso-de-privacidad\/","title":{"rendered":"Aviso de privacidad"},"content":{"rendered":"<p>[et_pb_section bb_built=\u00bb1&#8243; admin_label=\u00bbSecci\u00f3n\u00bb transparent_background=\u00bboff\u00bb allow_player_pause=\u00bboff\u00bb inner_shadow=\u00bboff\u00bb parallax=\u00bboff\u00bb parallax_method=\u00bbon\u00bb padding_mobile=\u00bboff\u00bb make_fullwidth=\u00bboff\u00bb use_custom_width=\u00bboff\u00bb width_unit=\u00bboff\u00bb custom_width_px=\u00bb1080px\u00bb custom_width_percent=\u00bb80%\u00bb make_equal=\u00bboff\u00bb use_custom_gutter=\u00bboff\u00bb fullwidth=\u00bbon\u00bb specialty=\u00bboff\u00bb disabled=\u00bboff\u00bb][et_pb_fullwidth_header admin_label=\u00bbT\u00edtulo de anchura completa\u00bb title=\u00bbConsulta\u00bb subhead=\u00bbAviso de privacidad\u00bb background_layout=\u00bbdark\u00bb text_orientation=\u00bbright\u00bb header_fullscreen=\u00bboff\u00bb header_scroll_down=\u00bboff\u00bb background_url=\u00bbhttp:\/\/besmacargo.com\/cn-es\/wp-content\/uploads\/en-besma.jpg\u00bb parallax=\u00bboff\u00bb parallax_method=\u00bboff\u00bb content_orientation=\u00bbcenter\u00bb image_orientation=\u00bbcenter\u00bb custom_button_one=\u00bboff\u00bb button_one_letter_spacing=\u00bb0&#8243; button_one_use_icon=\u00bbdefault\u00bb button_one_icon_placement=\u00bbright\u00bb button_one_on_hover=\u00bbon\u00bb button_one_letter_spacing_hover=\u00bb0&#8243; custom_button_two=\u00bboff\u00bb button_two_letter_spacing=\u00bb0&#8243; button_two_use_icon=\u00bbdefault\u00bb button_two_icon_placement=\u00bbright\u00bb button_two_on_hover=\u00bbon\u00bb button_two_letter_spacing_hover=\u00bb0&#8243; title_font=\u00bb|on|||\u00bb subhead_font_size=\u00bb22px\u00bb background_overlay_color=\u00bbrgba(1,78,130,0.54)\u00bb subhead_font_color=\u00bb#f2ff00&#8243; subhead_font=\u00bb|on|||\u00bb \/][\/et_pb_section][et_pb_section bb_built=\u00bb1&#8243; admin_label=\u00bbsection\u00bb][et_pb_row admin_label=\u00bbrow\u00bb][et_pb_column type=\u00bb4_4&#8243;][et_pb_text admin_label=\u00bbAviso de privacidad\u00bb background_layout=\u00bblight\u00bb text_orientation=\u00bbjustified\u00bb use_border_color=\u00bboff\u00bb border_color=\u00bb#ffffff\u00bb border_style=\u00bbsolid\u00bb]<\/p>\n<h2>Aviso de privacidad<\/h2>\n<p>Ningbo Besma Int&#8217;l Freight Forwarding Co.,Ltd.\u00a0 (en adelante \u201cla empresa\u201d) con domicilio fiscal en (4-4),Dong Cheng Int&#8217;l buliding , NO. 796 Yaoai Road ,Yinzhou District Ningbo,China. \u00a0(en adelante \u201cdomicilio fiscal\u201d), es responsable de recabar sus datos personales y del uso que se les d\u00e9 a los mismos, as\u00ed como de su protecci\u00f3n.<\/p>\n<p>La informaci\u00f3n personal que proporciona a la empresa ser\u00e1 utilizada para proveer los servicios y productos que ha solicitado, informarle sobre cambios en los mismos y evaluar la calidad del servicio que le brindamos. Para las finalidades antes mencionadas, requerimos obtener los siguientes datos personales: nombre, fecha de nacimiento, sexo, instituci\u00f3n a la que pertenece, ocupaci\u00f3n, domicilio, n\u00famero de tel\u00e9fono y correo electr\u00f3nico.<\/p>\n<p>As\u00ed mismo, le informamos que sus datos personales pueden ser transferidos y tratados dentro y fuera del pa\u00eds, por personas f\u00edsicas y\/o morales terceras. Si usted no manifiesta su oposici\u00f3n para que sus datos personales sean transferidos, se entender\u00e1 que se ha otorgado su consentimiento para ello.<\/p>\n<p>Usted tiene derecho de acceder, rectificar y cancelar sus datos personales, as\u00ed como de oponerse al tratamiento de los mismos o revocar el consentimiento que para tal fin haya otorgado, a trav\u00e9s de los procedimientos que hemos implementado. Para conocer dichos procedimientos los requisitos y plazos, se pueden poner en contacto con nuestro departamento de datos personales a trav\u00e9s de los siguientes medios:<\/p>\n<p>V\u00eda Postal:<\/p>\n<p><strong>(4-4),Dong Cheng Int&#8217;l buliding , NO. 796 Yaoai Road<br \/>\n<\/strong><strong>Yinzhou District Ningbo,China.<\/strong><\/p>\n<p>V\u00eda Telef\u00f3nica:<\/p>\n<p><strong>+86 0574 8705 9858<\/strong><\/p>\n<p>V\u00eda Electr\u00f3nica:<\/p>\n<p><a href=\"mailto:privacidad@cn.besmacargo.com\">privacidad@cn.besmacargo.com<\/a><\/p>\n<p>Cualquier modificaci\u00f3n este aviso de privacidad podr\u00e1 consultarla en <a href=\"http:\/\/www.besmacargo.com\">www.besmacargo.com<\/a><\/p>\n<p>[\/et_pb_text][\/et_pb_column][\/et_pb_row][\/et_pb_section]<\/p>\n","protected":false},"excerpt":{"rendered":"<p>Aviso de privacidad Ningbo Besma Int&#8217;l Freight Forwarding Co.,Ltd.\u00a0 (en adelante \u201cla empresa\u201d) con domicilio fiscal en (4-4),Dong Cheng Int&#8217;l buliding , NO. 796 Yaoai Road ,Yinzhou District Ningbo,China. \u00a0(en adelante \u201cdomicilio fiscal\u201d), es responsable de recabar sus datos personales y del uso que se les d\u00e9 a los mismos, as\u00ed como de su protecci\u00f3n. [&hellip;]<\/p>\n","protected":false},"author":2,"featured_media":0,"parent":0,"menu_order":0,"comment_status":"closed","ping_status":"closed","template":"","meta":{"_et_pb_use_builder":"on","_et_pb_old_content":"","_et_gb_content_width":"","footnotes":""},"class_list":["post-537","page","type-page","status-publish","hentry"],"aioseo_notices":[],"_links":{"self":[{"href":"http:\/\/besmacargo.com\/cn-es\/wp-json\/wp\/v2\/pages\/537","targetHints":{"allow":["GET"]}}],"collection":[{"href":"http:\/\/besmacargo.com\/cn-es\/wp-json\/wp\/v2\/pages"}],"about":[{"href":"http:\/\/besmacargo.com\/cn-es\/wp-json\/wp\/v2\/types\/page"}],"author":[{"embeddable":true,"href":"http:\/\/besmacargo.com\/cn-es\/wp-json\/wp\/v2\/users\/2"}],"replies":[{"embeddable":true,"href":"http:\/\/besmacargo.com\/cn-es\/wp-json\/wp\/v2\/comments?post=537"}],"version-history":[{"count":2,"href":"http:\/\/besmacargo.com\/cn-es\/wp-json\/wp\/v2\/pages\/537\/revisions"}],"predecessor-version":[{"id":610,"href":"http:\/\/besmacargo.com\/cn-es\/wp-json\/wp\/v2\/pages\/537\/revisions\/610"}],"wp:attachment":[{"href":"http:\/\/besmacargo.com\/cn-es\/wp-json\/wp\/v2\/media?parent=537"}],"curies":[{"name":"wp","href":"https:\/\/api.w.org\/{rel}","templated":true}]}}