{"id":539,"date":"2017-08-21T16:56:56","date_gmt":"2017-08-21T16:56:56","guid":{"rendered":"http:\/\/besmacargo.com\/cn-es\/?page_id=539"},"modified":"2017-08-21T16:56:56","modified_gmt":"2017-08-21T16:56:56","slug":"politica-de-uso-de-cookies","status":"publish","type":"page","link":"http:\/\/besmacargo.com\/cn-es\/politica-de-uso-de-cookies\/","title":{"rendered":"Pol\u00edtica de uso de Cookies"},"content":{"rendered":"<p>[et_pb_section bb_built=\u00bb1&#8243; admin_label=\u00bbSecci\u00f3n\u00bb transparent_background=\u00bboff\u00bb allow_player_pause=\u00bboff\u00bb inner_shadow=\u00bboff\u00bb parallax=\u00bboff\u00bb parallax_method=\u00bbon\u00bb padding_mobile=\u00bboff\u00bb make_fullwidth=\u00bboff\u00bb use_custom_width=\u00bboff\u00bb width_unit=\u00bboff\u00bb custom_width_px=\u00bb1080px\u00bb custom_width_percent=\u00bb80%\u00bb make_equal=\u00bboff\u00bb use_custom_gutter=\u00bboff\u00bb fullwidth=\u00bbon\u00bb specialty=\u00bboff\u00bb disabled=\u00bboff\u00bb][et_pb_fullwidth_header admin_label=\u00bbT\u00edtulo de anchura completa\u00bb title=\u00bbConsulta\u00bb subhead=\u00bbPol\u00edtica de uso de Cookies\u00bb background_layout=\u00bbdark\u00bb text_orientation=\u00bbright\u00bb header_fullscreen=\u00bboff\u00bb header_scroll_down=\u00bboff\u00bb background_url=\u00bbhttp:\/\/besmacargo.com\/cn-es\/wp-content\/uploads\/en-besma.jpg\u00bb parallax=\u00bboff\u00bb parallax_method=\u00bboff\u00bb content_orientation=\u00bbcenter\u00bb image_orientation=\u00bbcenter\u00bb custom_button_one=\u00bboff\u00bb button_one_letter_spacing=\u00bb0&#8243; button_one_use_icon=\u00bbdefault\u00bb button_one_icon_placement=\u00bbright\u00bb button_one_on_hover=\u00bbon\u00bb button_one_letter_spacing_hover=\u00bb0&#8243; custom_button_two=\u00bboff\u00bb button_two_letter_spacing=\u00bb0&#8243; button_two_use_icon=\u00bbdefault\u00bb button_two_icon_placement=\u00bbright\u00bb button_two_on_hover=\u00bbon\u00bb button_two_letter_spacing_hover=\u00bb0&#8243; title_font=\u00bb|on|||\u00bb subhead_font_size=\u00bb22px\u00bb background_overlay_color=\u00bbrgba(1,78,130,0.54)\u00bb subhead_font_color=\u00bb#f2ff00&#8243; subhead_font=\u00bb|on|||\u00bb \/][\/et_pb_section][et_pb_section bb_built=\u00bb1&#8243; admin_label=\u00bbsection\u00bb][et_pb_row admin_label=\u00bbrow\u00bb][et_pb_column type=\u00bb4_4&#8243;][et_pb_text admin_label=\u00bbPolitica cookies\u00bb background_layout=\u00bblight\u00bb text_orientation=\u00bbjustified\u00bb use_border_color=\u00bboff\u00bb border_color=\u00bb#ffffff\u00bb border_style=\u00bbsolid\u00bb]<\/p>\n<h2>Pol\u00edtica de uso de Cookies<\/h2>\n<p>Este sitio web utiliza cookies para que usted tenga una mejor experiencia dentro de nuestro sitio web.<\/p>\n<p><strong>\u00a0<\/strong><strong>\u00bfQu\u00e9 es una cookie?<\/strong><\/p>\n<p>Una cookie es un peque\u00f1o archivo de letras y n\u00fameros que almacenamos en su navegador o el disco duro de su dispositivo con el fin de mejorar su experiencia al visitar nuestro sitio web.<\/p>\n<p>Las cookies son seguras ya que s\u00f3lo pueden almacenar la informaci\u00f3n utilizada por el navegador, la informaci\u00f3n que el usuario ha introducido en el navegador o la que se incluye en la solicitud de p\u00e1gina.<\/p>\n<p><strong>\u00bfPara qu\u00e9 sirve una cookie?<\/strong><\/p>\n<p>Algunas cookies son indispensables para el correcto funcionamiento de nuestro sitio web y no representan peligro de da\u00f1o a su dispositivo.<\/p>\n<p>Otras cookies nos sirven para prop\u00f3sitos diversos, como, almacenar el idioma de preferencia del usuario, permitir a un sitio web recordar las preferencias como usuario, o detectar si lo has visitado previamente.<\/p>\n<p><strong>\u00bfC\u00f3mo desactivar las cookies?<\/strong><\/p>\n<p>Se pueden bloquear las cookies activando la configuraci\u00f3n en su navegador que le permite rechazar la configuraci\u00f3n de todas o algunas cookies. Sin embargo, si se utiliza la configuraci\u00f3n del navegador para bloquear todas las cookies (incluyendo las cookies esenciales) puede que no sea capaz de acceder a la totalidad o partes de nuestro sitio. La primera vez que visita nuestro sitio web se le dar\u00e1 la opci\u00f3n de aceptar o rechazar el uso de cookies.<\/p>\n<p>Si usted tiene alguna duda adicional, favor enviar un correo a <span style=\"color: #008000;\"><a href=\"mailto:privacidad@besmacargo.com\">privacidad@besmacargo.com<\/a><\/span><\/p>\n<p>[\/et_pb_text][\/et_pb_column][\/et_pb_row][\/et_pb_section]<\/p>\n","protected":false},"excerpt":{"rendered":"<p>Pol\u00edtica de uso de Cookies Este sitio web utiliza cookies para que usted tenga una mejor experiencia dentro de nuestro sitio web. \u00a0\u00bfQu\u00e9 es una cookie? Una cookie es un peque\u00f1o archivo de letras y n\u00fameros que almacenamos en su navegador o el disco duro de su dispositivo con el fin de mejorar su experiencia [&hellip;]<\/p>\n","protected":false},"author":2,"featured_media":0,"parent":0,"menu_order":0,"comment_status":"closed","ping_status":"closed","template":"","meta":{"_et_pb_use_builder":"on","_et_pb_old_content":"","_et_gb_content_width":"","footnotes":""},"class_list":["post-539","page","type-page","status-publish","hentry"],"aioseo_notices":[],"_links":{"self":[{"href":"http:\/\/besmacargo.com\/cn-es\/wp-json\/wp\/v2\/pages\/539","targetHints":{"allow":["GET"]}}],"collection":[{"href":"http:\/\/besmacargo.com\/cn-es\/wp-json\/wp\/v2\/pages"}],"about":[{"href":"http:\/\/besmacargo.com\/cn-es\/wp-json\/wp\/v2\/types\/page"}],"author":[{"embeddable":true,"href":"http:\/\/besmacargo.com\/cn-es\/wp-json\/wp\/v2\/users\/2"}],"replies":[{"embeddable":true,"href":"http:\/\/besmacargo.com\/cn-es\/wp-json\/wp\/v2\/comments?post=539"}],"version-history":[{"count":1,"href":"http:\/\/besmacargo.com\/cn-es\/wp-json\/wp\/v2\/pages\/539\/revisions"}],"predecessor-version":[{"id":540,"href":"http:\/\/besmacargo.com\/cn-es\/wp-json\/wp\/v2\/pages\/539\/revisions\/540"}],"wp:attachment":[{"href":"http:\/\/besmacargo.com\/cn-es\/wp-json\/wp\/v2\/media?parent=539"}],"curies":[{"name":"wp","href":"https:\/\/api.w.org\/{rel}","templated":true}]}}