{"id":479,"date":"2017-04-19T17:22:20","date_gmt":"2017-04-19T17:22:20","guid":{"rendered":"http:\/\/besmacargo.com\/es-ca\/?page_id=479"},"modified":"2020-04-27T19:32:06","modified_gmt":"2020-04-27T17:32:06","slug":"oficines-nacionals","status":"publish","type":"page","link":"http:\/\/besmacargo.com\/es-ca\/oficines-nacionals\/","title":{"rendered":"Oficines Nacionals"},"content":{"rendered":"<p>[et_pb_section fb_built=\u00bb1&#8243; fullwidth=\u00bbon\u00bb custom_padding_last_edited=\u00bbon|desktop\u00bb admin_label=\u00bbSecci\u00f3n\u00bb _builder_version=\u00bb3.22.3&#8243; custom_padding_tablet=\u00bb50px|0|50px|0&#8243; transparent_background=\u00bboff\u00bb padding_mobile=\u00bboff\u00bb make_fullwidth=\u00bboff\u00bb use_custom_width=\u00bboff\u00bb width_unit=\u00bboff\u00bb custom_width_px=\u00bb1080px\u00bb custom_width_percent=\u00bb80%\u00bb][et_pb_fullwidth_header title=\u00bbOficines Nacionals\u00bb subhead=\u00bbLog\u00edstica en comer\u00e7 exterior\u00bb text_orientation=\u00bbright\u00bb background_overlay_color=\u00bbrgba(1,78,130,0.54)\u00bb content_max_width=\u00bbnone\u00bb subhead_font_color=\u00bb#f2ff00&#8243; admin_label=\u00bbT\u00edtulo de anchura completa\u00bb _builder_version=\u00bb3.16&#8243; title_font=\u00bb|on|||\u00bb subhead_font=\u00bb|on|||\u00bb subhead_text_color=\u00bb#f2ff00&#8243; subhead_font_size=\u00bb22px\u00bb background_color=\u00bbrgba(255, 255, 255, 0)\u00bb background_image=\u00bbhttp:\/\/besmacargo.com\/es-ca\/wp-content\/uploads\/en-besma.jpg\u00bb background_url=\u00bbhttp:\/\/besmacargo.com\/es-ca\/wp-content\/uploads\/en-besma.jpg\u00bb button_one_letter_spacing_hover=\u00bb0&#8243; button_two_letter_spacing_hover=\u00bb0&#8243; button_one_text_size__hover_enabled=\u00bboff\u00bb button_two_text_size__hover_enabled=\u00bboff\u00bb button_one_text_color__hover_enabled=\u00bboff\u00bb button_two_text_color__hover_enabled=\u00bboff\u00bb button_one_border_width__hover_enabled=\u00bboff\u00bb button_two_border_width__hover_enabled=\u00bboff\u00bb button_one_border_color__hover_enabled=\u00bboff\u00bb button_two_border_color__hover_enabled=\u00bboff\u00bb button_one_border_radius__hover_enabled=\u00bboff\u00bb button_two_border_radius__hover_enabled=\u00bboff\u00bb button_one_letter_spacing__hover_enabled=\u00bbon\u00bb button_one_letter_spacing__hover=\u00bb0&#8243; button_two_letter_spacing__hover_enabled=\u00bbon\u00bb button_two_letter_spacing__hover=\u00bb0&#8243; button_one_bg_color__hover_enabled=\u00bboff\u00bb button_two_bg_color__hover_enabled=\u00bboff\u00bb] [\/et_pb_fullwidth_header][\/et_pb_section][et_pb_section fb_built=\u00bb1&#8243; admin_label=\u00bbsection\u00bb _builder_version=\u00bb3.22.3&#8243;][et_pb_row admin_label=\u00bbrow\u00bb _builder_version=\u00bb3.22.3&#8243; background_size=\u00bbinitial\u00bb background_position=\u00bbtop_left\u00bb background_repeat=\u00bbrepeat\u00bb][et_pb_column type=\u00bb4_4&#8243; _builder_version=\u00bb3.0.47&#8243;][et_pb_text admin_label=\u00bbT\u00edtulo\u00bb _builder_version=\u00bb3.0.87&#8243; background_size=\u00bbinitial\u00bb background_position=\u00bbtop_left\u00bb background_repeat=\u00bbrepeat\u00bb text_orientation=\u00bbcenter\u00bb module_alignment=\u00bbcenter\u00bb use_border_color=\u00bboff\u00bb border_color=\u00bb#ffffff\u00bb border_style=\u00bbsolid\u00bb]<\/p>\n<h1>Visita&#8217;ns a\u00a0alguna de les nostres oficines<\/h1>\n<h2>Amb gust t&#8217;atendrem!<\/h2>\n<p>[\/et_pb_text][\/et_pb_column][\/et_pb_row][et_pb_row admin_label=\u00bbFila\u00bb _builder_version=\u00bb3.22.3&#8243; background_size=\u00bbinitial\u00bb background_position=\u00bbtop_left\u00bb background_repeat=\u00bbrepeat\u00bb][et_pb_column type=\u00bb1_2&#8243; _builder_version=\u00bb3.0.47&#8243;][et_pb_text admin_label=\u00bbMapa\u00bb _builder_version=\u00bb3.0.87&#8243; background_size=\u00bbinitial\u00bb background_position=\u00bbtop_left\u00bb background_repeat=\u00bbrepeat\u00bb text_orientation=\u00bbcenter\u00bb module_alignment=\u00bbcenter\u00bb use_border_color=\u00bboff\u00bb border_color=\u00bb#ffffff\u00bb border_style=\u00bbsolid\u00bb] <iframe loading=\"lazy\" style=\"border: 0;\" src=\"https:\/\/www.google.com\/maps\/embed?pb=!1m18!1m12!1m3!1d2994.8816223013655!2d2.0749486149857956!3d41.354926679267216!2m3!1f0!2f0!3f0!3m2!1i1024!2i768!4f13.1!3m3!1m2!1s0x12a499452742c637%3A0x4763dec72ac25865!2sAv.+dels+Alps%2C+48%2C+08940+Cornell%C3%A0+de+Llobregat%2C+Barcelona%2C+Espa%C3%B1a!5e0!3m2!1ses!2smx!4v1492701057005\" width=\"600\" height=\"450\" frameborder=\"0\" allowfullscreen=\"allowfullscreen\"><\/iframe> [\/et_pb_text][et_pb_text admin_label=\u00bbBARCELONA (SEDE)\u00bb _builder_version=\u00bb3.24&#8243; text_font_size=\u00bb13&#8243; text_line_height=\u00bb1.5em\u00bb background_size=\u00bbinitial\u00bb background_position=\u00bbtop_left\u00bb background_repeat=\u00bbrepeat\u00bb text_orientation=\u00bbcenter\u00bb module_alignment=\u00bbcenter\u00bb use_border_color=\u00bboff\u00bb border_color=\u00bb#ffffff\u00bb border_style=\u00bbsolid\u00bb]<\/p>\n<p><strong>BARCELONA (SEU)<\/strong><\/p>\n<p><span class=\"il\">Avinguda<\/span> <span class=\"il\">Alps<\/span> 48,<br \/> 08940 Cornell\u00e0 <span class=\"il\">de<\/span> Llobregat<br \/> Barcelona<\/p>\n<p><strong>Tel\u00e8fon<\/strong><br \/> +34 930 180 635<\/p>\n<h4><strong><\/strong><\/h4>\n<h4><strong>E-mail<\/strong><br \/> contacto@es.besmacargo.com<\/h4>\n<p>[\/et_pb_text][\/et_pb_column][et_pb_column type=\u00bb1_2&#8243; _builder_version=\u00bb3.0.47&#8243;][et_pb_text admin_label=\u00bbMapa\u00bb _builder_version=\u00bb3.0.87&#8243; background_size=\u00bbinitial\u00bb background_position=\u00bbtop_left\u00bb background_repeat=\u00bbrepeat\u00bb text_orientation=\u00bbcenter\u00bb module_alignment=\u00bbcenter\u00bb use_border_color=\u00bboff\u00bb border_color=\u00bb#ffffff\u00bb border_style=\u00bbsolid\u00bb]<iframe loading=\"lazy\" style=\"border: 0;\" src=\"https:\/\/www.google.com\/maps\/embed?pb=!1m18!1m12!1m3!1d3037.373358931254!2d-3.6867998850490977!3d40.42273087936447!2m3!1f0!2f0!3f0!3m2!1i1024!2i768!4f13.1!3m3!1m2!1s0xd42289830c5f881%3A0x83777246a8f1f8a0!2sCalle+de+Vel%C3%A1zquez%2C+15%2C+28001+Madrid%2C+Espa%C3%B1a!5e0!3m2!1ses!2smx!4v1492701103569\" width=\"600\" height=\"450\" frameborder=\"0\" allowfullscreen=\"allowfullscreen\"><\/iframe><br \/>\n[\/et_pb_text][et_pb_text admin_label=\u00bbMADRID\u00bb _builder_version=\u00bb3.24&#8243; text_font_size=\u00bb13&#8243; text_line_height=\u00bb1.5em\u00bb background_size=\u00bbinitial\u00bb background_position=\u00bbtop_left\u00bb background_repeat=\u00bbrepeat\u00bb text_orientation=\u00bbcenter\u00bb module_alignment=\u00bbcenter\u00bb use_border_color=\u00bboff\u00bb border_color=\u00bb#ffffff\u00bb border_style=\u00bbsolid\u00bb]<\/p>\n<p><strong>MADRID<\/strong><\/p>\n<p>Calle Vel\u00e1zquez, 15,<br \/> 28001 Madrid<br \/> Madrid<\/p>\n<p><strong>Tel\u00e8fon<\/strong><br \/> +34 930 180 635<\/p>\n<h4><strong><\/strong><\/h4>\n<h4><strong>E-mail<\/strong><br \/> contacto@es.besmacargo.com<\/h4>\n<p>[\/et_pb_text][\/et_pb_column][\/et_pb_row][\/et_pb_section][et_pb_section fb_built=\u00bb1&#8243; fullwidth=\u00bbon\u00bb custom_padding_last_edited=\u00bbon|desktop\u00bb admin_label=\u00bbSecci\u00f3n\u00bb _builder_version=\u00bb3.22.3&#8243; custom_padding_tablet=\u00bb50px|0|50px|0&#8243; transparent_background=\u00bboff\u00bb padding_mobile=\u00bboff\u00bb make_fullwidth=\u00bboff\u00bb use_custom_width=\u00bboff\u00bb width_unit=\u00bboff\u00bb custom_width_px=\u00bb1080px\u00bb custom_width_percent=\u00bb80%\u00bb][et_pb_fullwidth_header title=\u00bbExperts en log\u00edstica i comer\u00e7 exterior\u00bb text_orientation=\u00bbcenter\u00bb button_one_text=\u00bbContacteu-nos \u00bb button_one_url=\u00bbhttp:\/\/besmacargo.com\/es-ca\/contacte\/\u00bb background_overlay_color=\u00bbrgba(0,0,0,0.52)\u00bb content_max_width=\u00bbnone\u00bb title_font_color=\u00bb#faff00&#8243; admin_label=\u00bbT\u00edtulo de anchura completa\u00bb _builder_version=\u00bb3.16&#8243; title_font=\u00bb|on|on||\u00bb title_text_color=\u00bb#faff00&#8243; title_font_size=\u00bb35px\u00bb subhead_font=\u00bb|on|on||\u00bb subhead_font_size=\u00bb24px\u00bb background_color=\u00bbrgba(255, 255, 255, 0)\u00bb background_image=\u00bbhttp:\/\/besmacargo.com\/es-ca\/wp-content\/uploads\/besma-contactanos-3-2.jpg\u00bb parallax=\u00bbon\u00bb custom_button_one=\u00bbon\u00bb button_one_text_color=\u00bb#1d4c00&#8243; button_one_bg_color=\u00bb#edf000&#8243; button_one_border_width=\u00bb1px\u00bb button_one_border_color=\u00bb#edf000&#8243; button_one_border_radius=\u00bb7px\u00bb button_one_font=\u00bb|on|||\u00bb button_one_icon=\u00bb9&#8243; button_one_on_hover=\u00bboff\u00bb background_url=\u00bbhttp:\/\/besmacargo.com\/es-ca\/wp-content\/uploads\/besma-contactanos-3-2.jpg\u00bb button_one_letter_spacing_hover=\u00bb0&#8243; button_two_letter_spacing_hover=\u00bb0&#8243; button_one_text_size__hover_enabled=\u00bboff\u00bb button_two_text_size__hover_enabled=\u00bboff\u00bb button_one_text_color__hover_enabled=\u00bboff\u00bb button_two_text_color__hover_enabled=\u00bboff\u00bb button_one_border_width__hover_enabled=\u00bboff\u00bb button_two_border_width__hover_enabled=\u00bboff\u00bb button_one_border_color__hover_enabled=\u00bboff\u00bb button_two_border_color__hover_enabled=\u00bboff\u00bb button_one_border_radius__hover_enabled=\u00bboff\u00bb button_two_border_radius__hover_enabled=\u00bboff\u00bb button_one_letter_spacing__hover_enabled=\u00bbon\u00bb button_one_letter_spacing__hover=\u00bb0&#8243; button_two_letter_spacing__hover_enabled=\u00bbon\u00bb button_two_letter_spacing__hover=\u00bb0&#8243; button_one_bg_color__hover_enabled=\u00bboff\u00bb button_two_bg_color__hover_enabled=\u00bboff\u00bb] [\/et_pb_fullwidth_header][\/et_pb_section]<\/p>\n","protected":false},"excerpt":{"rendered":"<p>Visita&#8217;ns a\u00a0alguna de les nostres oficines Amb gust t&#8217;atendrem! BARCELONA (SEU) Avinguda Alps 48, 08940 Cornell\u00e0 de Llobregat Barcelona Tel\u00e8fon +34 930 180 635 E-mail contacto@es.besmacargo.com MADRID Calle Vel\u00e1zquez, 15, 28001 Madrid Madrid Tel\u00e8fon +34 930 180 635 E-mail contacto@es.besmacargo.com<\/p>\n","protected":false},"author":2,"featured_media":0,"parent":0,"menu_order":0,"comment_status":"closed","ping_status":"closed","template":"","meta":{"_et_pb_use_builder":"on","_et_pb_old_content":"","_et_gb_content_width":"","footnotes":""},"class_list":["post-479","page","type-page","status-publish","hentry"],"aioseo_notices":[],"_links":{"self":[{"href":"http:\/\/besmacargo.com\/es-ca\/wp-json\/wp\/v2\/pages\/479","targetHints":{"allow":["GET"]}}],"collection":[{"href":"http:\/\/besmacargo.com\/es-ca\/wp-json\/wp\/v2\/pages"}],"about":[{"href":"http:\/\/besmacargo.com\/es-ca\/wp-json\/wp\/v2\/types\/page"}],"author":[{"embeddable":true,"href":"http:\/\/besmacargo.com\/es-ca\/wp-json\/wp\/v2\/users\/2"}],"replies":[{"embeddable":true,"href":"http:\/\/besmacargo.com\/es-ca\/wp-json\/wp\/v2\/comments?post=479"}],"version-history":[{"count":9,"href":"http:\/\/besmacargo.com\/es-ca\/wp-json\/wp\/v2\/pages\/479\/revisions"}],"predecessor-version":[{"id":652,"href":"http:\/\/besmacargo.com\/es-ca\/wp-json\/wp\/v2\/pages\/479\/revisions\/652"}],"wp:attachment":[{"href":"http:\/\/besmacargo.com\/es-ca\/wp-json\/wp\/v2\/media?parent=479"}],"curies":[{"name":"wp","href":"https:\/\/api.w.org\/{rel}","templated":true}]}}