{"id":513,"date":"2017-04-19T17:50:06","date_gmt":"2017-04-19T17:50:06","guid":{"rendered":"http:\/\/besmacargo.com\/es-ca\/?page_id=513"},"modified":"2020-04-27T19:32:06","modified_gmt":"2020-04-27T17:32:06","slug":"politica-dus-de-cookies","status":"publish","type":"page","link":"http:\/\/besmacargo.com\/es-ca\/politica-dus-de-cookies\/","title":{"rendered":"Pol\u00edtica d&#8217;\u00fas de Cookies"},"content":{"rendered":"<p>[et_pb_section admin_label=\u00bbSecci\u00f3n\u00bb transparent_background=\u00bboff\u00bb allow_player_pause=\u00bboff\u00bb inner_shadow=\u00bboff\u00bb parallax=\u00bboff\u00bb parallax_method=\u00bbon\u00bb padding_mobile=\u00bboff\u00bb make_fullwidth=\u00bboff\u00bb use_custom_width=\u00bboff\u00bb width_unit=\u00bboff\u00bb custom_width_px=\u00bb1080px\u00bb custom_width_percent=\u00bb80%\u00bb make_equal=\u00bboff\u00bb use_custom_gutter=\u00bboff\u00bb fullwidth=\u00bbon\u00bb specialty=\u00bboff\u00bb disabled=\u00bboff\u00bb][et_pb_fullwidth_header admin_label=\u00bbT\u00edtulo de anchura completa\u00bb title=\u00bbPol\u00edtica d&#8217;\u00fas de Cookies\u00bb background_layout=\u00bbdark\u00bb text_orientation=\u00bbright\u00bb header_fullscreen=\u00bboff\u00bb header_scroll_down=\u00bboff\u00bb background_url=\u00bbhttp:\/\/besmacargo.com\/es-ca\/wp-content\/uploads\/en-besma.jpg\u00bb parallax=\u00bboff\u00bb parallax_method=\u00bboff\u00bb content_orientation=\u00bbcenter\u00bb image_orientation=\u00bbcenter\u00bb custom_button_one=\u00bboff\u00bb button_one_letter_spacing=\u00bb0&#8243; button_one_use_icon=\u00bbdefault\u00bb button_one_icon_placement=\u00bbright\u00bb button_one_on_hover=\u00bbon\u00bb button_one_letter_spacing_hover=\u00bb0&#8243; custom_button_two=\u00bboff\u00bb button_two_letter_spacing=\u00bb0&#8243; button_two_use_icon=\u00bbdefault\u00bb button_two_icon_placement=\u00bbright\u00bb button_two_on_hover=\u00bbon\u00bb button_two_letter_spacing_hover=\u00bb0&#8243; title_font=\u00bb|on|||\u00bb subhead_font_size=\u00bb22px\u00bb background_overlay_color=\u00bbrgba(1,78,130,0.54)\u00bb subhead_font_color=\u00bb#f2ff00&#8243; subhead_font=\u00bb|on|||\u00bb] [\/et_pb_fullwidth_header][\/et_pb_section][et_pb_section admin_label=\u00bbsection\u00bb][et_pb_row admin_label=\u00bbrow\u00bb][et_pb_column type=\u00bb4_4&#8243;][et_pb_text admin_label=\u00bbPolitica cookies\u00bb background_layout=\u00bblight\u00bb text_orientation=\u00bbjustified\u00bb use_border_color=\u00bboff\u00bb border_color=\u00bb#ffffff\u00bb border_style=\u00bbsolid\u00bb]<\/p>\n<h2>Pol\u00edtica d&#8217;\u00fas de Cookies<\/h2>\n<p>Aquesta p\u00e0gina\u00a0web utilitza cookies perqu\u00e8 vost\u00e8 tingui una millor experi\u00e8ncia al visitar-nos.<\/p>\n<p>Qu\u00e8 \u00e9s una cookie?<\/p>\n<p>Una cookie \u00e9s un petit arxiu de lletres i n\u00fameros que emmagatzemem al seu navegador o el disc dur del seu dispositiu, per tal de millorar la seva experi\u00e8ncia en visitar la nostra p\u00e0gina\u00a0web.<\/p>\n<p>Les cookies s\u00f3n segures ja que nom\u00e9s poden emmagatzemar la informaci\u00f3 utilitzada pel navegador, la informaci\u00f3 que l\u2019usuari ha introdu\u00eft en el navegador o la que s\u2019inclou en la sol\u00b7licitud de p\u00e0gina.<\/p>\n<p>\u00bfPer qu\u00e8 serveix una cookie?<\/p>\n<p>Algunes cookies s\u00f3n indispensables pel correcte funcionament de la nostra\u00a0p\u00e0gina\u00a0web i no representen perill de danys al seu dispositiu.<\/p>\n<p>Altres cookies ens serveixen per a prop\u00f2sits diversos, com, emmagatzemar l\u2019idioma de prefer\u00e8ncia de l\u2019usuari, permetre a una p\u00e0gina\u00a0web recordar les prefer\u00e8ncies com a usuari, o detectar si l&#8217;has visitat pr\u00e8viament.<\/p>\n<p>Com desactivar les cookies?<\/p>\n<p>Es poden bloquejar les cookies activant la configuraci\u00f3 al seu navegador que li permet rebutjar la configuraci\u00f3 de totes o algunes cookies. No obstant aix\u00f2, si s\u2019utilitza la configuraci\u00f3 del navegador per bloquejar totes les cookies (incloent-hi les cookies essencials) pot ser que no sigui capa\u00e7 d\u2019accedir a la totalitat o parts de la nostra web. La primera vegada que visita la nostra p\u00e0gina\u00a0web se li donar\u00e0 l\u2019opci\u00f3 d\u2019acceptar o rebutjar l\u2019\u00fas de cookies.<\/p>\n<p>Si vost\u00e8 t\u00e9 algun dubte addicional, si us plau,\u00a0envi\u00efns un correu a\u00a0<a href=\"mailto:privacidad@es.besmacargo.com\">privacidad@es.besmacargo.com<\/a><\/p>\n<p>[\/et_pb_text][\/et_pb_column][\/et_pb_row][\/et_pb_section]<\/p>\n","protected":false},"excerpt":{"rendered":"<p>Pol\u00edtica d&#8217;\u00fas de Cookies Aquesta p\u00e0gina\u00a0web utilitza cookies perqu\u00e8 vost\u00e8 tingui una millor experi\u00e8ncia al visitar-nos. Qu\u00e8 \u00e9s una cookie? Una cookie \u00e9s un petit arxiu de lletres i n\u00fameros que emmagatzemem al seu navegador o el disc dur del seu dispositiu, per tal de millorar la seva experi\u00e8ncia en visitar la nostra p\u00e0gina\u00a0web. Les [&hellip;]<\/p>\n","protected":false},"author":2,"featured_media":0,"parent":0,"menu_order":0,"comment_status":"closed","ping_status":"closed","template":"","meta":{"_et_pb_use_builder":"on","_et_pb_old_content":"","_et_gb_content_width":"","footnotes":""},"class_list":["post-513","page","type-page","status-publish","hentry"],"aioseo_notices":[],"_links":{"self":[{"href":"http:\/\/besmacargo.com\/es-ca\/wp-json\/wp\/v2\/pages\/513","targetHints":{"allow":["GET"]}}],"collection":[{"href":"http:\/\/besmacargo.com\/es-ca\/wp-json\/wp\/v2\/pages"}],"about":[{"href":"http:\/\/besmacargo.com\/es-ca\/wp-json\/wp\/v2\/types\/page"}],"author":[{"embeddable":true,"href":"http:\/\/besmacargo.com\/es-ca\/wp-json\/wp\/v2\/users\/2"}],"replies":[{"embeddable":true,"href":"http:\/\/besmacargo.com\/es-ca\/wp-json\/wp\/v2\/comments?post=513"}],"version-history":[{"count":6,"href":"http:\/\/besmacargo.com\/es-ca\/wp-json\/wp\/v2\/pages\/513\/revisions"}],"predecessor-version":[{"id":563,"href":"http:\/\/besmacargo.com\/es-ca\/wp-json\/wp\/v2\/pages\/513\/revisions\/563"}],"wp:attachment":[{"href":"http:\/\/besmacargo.com\/es-ca\/wp-json\/wp\/v2\/media?parent=513"}],"curies":[{"name":"wp","href":"https:\/\/api.w.org\/{rel}","templated":true}]}}