{"id":399,"date":"2017-02-02T19:01:13","date_gmt":"2017-02-02T19:01:13","guid":{"rendered":"http:\/\/besmacargo.com\/es-es\/?page_id=399"},"modified":"2018-06-14T14:20:28","modified_gmt":"2018-06-14T14:20:28","slug":"empresa","status":"publish","type":"page","link":"http:\/\/besmacargo.com\/es-es\/empresa\/","title":{"rendered":"Empresa"},"content":{"rendered":"<p>[et_pb_section admin_label=\u00bbSecci\u00f3n\u00bb transparent_background=\u00bboff\u00bb allow_player_pause=\u00bboff\u00bb inner_shadow=\u00bboff\u00bb parallax=\u00bboff\u00bb parallax_method=\u00bbon\u00bb padding_mobile=\u00bboff\u00bb make_fullwidth=\u00bboff\u00bb use_custom_width=\u00bboff\u00bb width_unit=\u00bboff\u00bb custom_width_px=\u00bb1080px\u00bb custom_width_percent=\u00bb80%\u00bb make_equal=\u00bboff\u00bb use_custom_gutter=\u00bboff\u00bb fullwidth=\u00bbon\u00bb specialty=\u00bboff\u00bb disabled=\u00bboff\u00bb][et_pb_fullwidth_header admin_label=\u00bbT\u00edtulo de anchura completa\u00bb title=\u00bbAcerca de nuestra empresa\u00bb subhead=\u00bbLog\u00edstica en comercio exterior\u00bb background_layout=\u00bbdark\u00bb text_orientation=\u00bbright\u00bb header_fullscreen=\u00bboff\u00bb header_scroll_down=\u00bboff\u00bb background_url=\u00bbhttp:\/\/besmacargo.com\/es-es\/wp-content\/uploads\/en-besma.jpg\u00bb parallax=\u00bboff\u00bb parallax_method=\u00bboff\u00bb content_orientation=\u00bbcenter\u00bb image_orientation=\u00bbcenter\u00bb custom_button_one=\u00bboff\u00bb button_one_letter_spacing=\u00bb0&#8243; button_one_use_icon=\u00bbdefault\u00bb button_one_icon_placement=\u00bbright\u00bb button_one_on_hover=\u00bbon\u00bb button_one_letter_spacing_hover=\u00bb0&#8243; custom_button_two=\u00bboff\u00bb button_two_letter_spacing=\u00bb0&#8243; button_two_use_icon=\u00bbdefault\u00bb button_two_icon_placement=\u00bbright\u00bb button_two_on_hover=\u00bbon\u00bb button_two_letter_spacing_hover=\u00bb0&#8243; title_font=\u00bb|on|||\u00bb subhead_font_size=\u00bb22px\u00bb background_overlay_color=\u00bbrgba(1,78,130,0.54)\u00bb subhead_font_color=\u00bb#f2ff00&#8243; subhead_font=\u00bb|on|||\u00bb] [\/et_pb_fullwidth_header][\/et_pb_section][et_pb_section admin_label=\u00bbsection\u00bb][et_pb_row admin_label=\u00bbFila\u00bb][et_pb_column type=\u00bb4_4&#8243;][et_pb_text admin_label=\u00bbT\u00edtulo\u00bb background_layout=\u00bblight\u00bb text_orientation=\u00bbcenter\u00bb use_border_color=\u00bboff\u00bb border_color=\u00bb#ffffff\u00bb border_style=\u00bbsolid\u00bb]<\/p>\n<h1>\u00bfQu\u00e9 te ofrecemos?<\/h1>\n<h2>Facilitamos la log\u00edstica en comercio exterior<\/h2>\n<p>[\/et_pb_text][\/et_pb_column][\/et_pb_row][et_pb_row admin_label=\u00bbFila\u00bb][et_pb_column type=\u00bb1_3&#8243;][et_pb_blurb admin_label=\u00bb10 a\u00f1os de experiencia en log\u00edstica\u00bb url_new_window=\u00bboff\u00bb use_icon=\u00bbon\u00bb font_icon=\u00bb%%277%%\u00bb icon_color=\u00bb#faff00&#8243; use_circle=\u00bbon\u00bb circle_color=\u00bb#006d01&#8243; use_circle_border=\u00bboff\u00bb circle_border_color=\u00bb#7EBEC5&#8243; icon_placement=\u00bbtop\u00bb animation=\u00bboff\u00bb background_layout=\u00bblight\u00bb text_orientation=\u00bbcenter\u00bb use_icon_font_size=\u00bbon\u00bb use_border_color=\u00bboff\u00bb border_color=\u00bb#ffffff\u00bb border_style=\u00bbsolid\u00bb icon_font_size=\u00bb40px\u00bb]<\/p>\n<h3>10 a\u00f1os de <strong>experiencia<\/strong><\/h3>\n<p>Somos una empresa espa\u00f1ola y formamos parte de un grupo de <strong>empresas dedicadas desde hace m\u00e1s de 10 a\u00f1os a la log\u00edstica y las diferentes operaciones de comercio exterior<\/strong>.\u00a0C\u00f3mo transitorio y agente de aduanas en Espa\u00f1a, nuestros diversos convenios con navieras, aerol\u00edneas, compa\u00f1\u00edas de tr\u00e1fico terrestre y oficinas en decenas de pa\u00edses, nos proporcionan una presencia mundial.<\/p>\n<p>[\/et_pb_blurb][\/et_pb_column][et_pb_column type=\u00bb1_3&#8243;][et_pb_blurb admin_label=\u00bbAmplia cobertura\u00bb url_new_window=\u00bboff\u00bb use_icon=\u00bbon\u00bb font_icon=\u00bb%%289%%\u00bb icon_color=\u00bb#faff00&#8243; use_circle=\u00bbon\u00bb circle_color=\u00bb#006d01&#8243; use_circle_border=\u00bboff\u00bb circle_border_color=\u00bb#7EBEC5&#8243; icon_placement=\u00bbtop\u00bb animation=\u00bboff\u00bb background_layout=\u00bblight\u00bb text_orientation=\u00bbcenter\u00bb use_icon_font_size=\u00bbon\u00bb use_border_color=\u00bboff\u00bb border_color=\u00bb#ffffff\u00bb border_style=\u00bbsolid\u00bb icon_font_size=\u00bb40&#8243;]<\/p>\n<h3>Amplia cobertura<\/h3>\n<p>Nuestra sede se ubica en Barcelona y contamos con presencia adicional en las ciudades de Bilbao, Madrid y Valencia, mismas que sumadas a una extensa red de convenios, nos permiten <strong>presencia y cobertura en todo el pa\u00eds.<\/strong><\/p>\n<p>[\/et_pb_blurb][\/et_pb_column][et_pb_column type=\u00bb1_3&#8243;][et_pb_blurb admin_label=\u00bbGarant\u00eda en nuestro servicio\u00bb url_new_window=\u00bboff\u00bb use_icon=\u00bbon\u00bb font_icon=\u00bb%%171%%\u00bb icon_color=\u00bb#faff00&#8243; use_circle=\u00bbon\u00bb circle_color=\u00bb#006d01&#8243; use_circle_border=\u00bboff\u00bb circle_border_color=\u00bb#7EBEC5&#8243; icon_placement=\u00bbtop\u00bb animation=\u00bboff\u00bb background_layout=\u00bblight\u00bb text_orientation=\u00bbcenter\u00bb use_icon_font_size=\u00bbon\u00bb use_border_color=\u00bboff\u00bb border_color=\u00bb#ffffff\u00bb border_style=\u00bbsolid\u00bb icon_font_size=\u00bb40&#8243;]<\/p>\n<h3><strong>Garant\u00eda<\/strong> en nuestro servicio<\/h3>\n<p>Nuestra experiencia y \u00e9tica profesional nos permiten garantizar a nuestros clientes y amigos un servicio de excelencia en cualquier <strong>operaci\u00f3n log\u00edstica en\u00a0 los 5 continentes.<\/strong><\/p>\n<p>[\/et_pb_blurb][\/et_pb_column][\/et_pb_row][\/et_pb_section][et_pb_section admin_label=\u00bbSecci\u00f3n\u00bb fullwidth=\u00bbon\u00bb specialty=\u00bboff\u00bb][et_pb_fullwidth_header admin_label=\u00bbT\u00edtulo de anchura completa\u00bb title=\u00bbAcerca de Besma\u00bb subhead=\u00bbComprometidos con tus objetivos comerciales\u00bb background_layout=\u00bbdark\u00bb text_orientation=\u00bbcenter\u00bb header_fullscreen=\u00bboff\u00bb header_scroll_down=\u00bbon\u00bb background_url=\u00bbhttp:\/\/besmacargo.com\/es-es\/wp-content\/uploads\/encabezado-empresa-besma.png\u00bb background_overlay_color=\u00bbrgba(41,91,6,0.72)\u00bb parallax=\u00bboff\u00bb parallax_method=\u00bboff\u00bb content_orientation=\u00bbcenter\u00bb image_orientation=\u00bbcenter\u00bb custom_button_one=\u00bboff\u00bb button_one_letter_spacing=\u00bb0&#8243; button_one_use_icon=\u00bbdefault\u00bb button_one_icon_placement=\u00bbright\u00bb button_one_on_hover=\u00bbon\u00bb button_one_letter_spacing_hover=\u00bb0&#8243; custom_button_two=\u00bboff\u00bb button_two_letter_spacing=\u00bb0&#8243; button_two_use_icon=\u00bbdefault\u00bb button_two_icon_placement=\u00bbright\u00bb button_two_on_hover=\u00bbon\u00bb button_two_letter_spacing_hover=\u00bb0&#8243; title_font=\u00bb|on|||\u00bb title_font_size=\u00bb35px\u00bb subhead_font_size=\u00bb22px\u00bb] [\/et_pb_fullwidth_header][\/et_pb_section][et_pb_section admin_label=\u00bbSecci\u00f3n\u00bb fullwidth=\u00bboff\u00bb specialty=\u00bboff\u00bb transparent_background=\u00bboff\u00bb background_color=\u00bb#f2f2f2&#8243; allow_player_pause=\u00bboff\u00bb inner_shadow=\u00bboff\u00bb parallax=\u00bboff\u00bb parallax_method=\u00bboff\u00bb padding_mobile=\u00bboff\u00bb make_fullwidth=\u00bboff\u00bb use_custom_width=\u00bboff\u00bb width_unit=\u00bbon\u00bb make_equal=\u00bboff\u00bb use_custom_gutter=\u00bboff\u00bb][et_pb_row admin_label=\u00bbFila\u00bb][et_pb_column type=\u00bb1_3&#8243;][et_pb_blurb admin_label=\u00bbMisi\u00f3n\u00bb url_new_window=\u00bboff\u00bb use_icon=\u00bbon\u00bb icon_color=\u00bb#006600&#8243; use_circle=\u00bboff\u00bb circle_color=\u00bb#7EBEC5&#8243; use_circle_border=\u00bboff\u00bb circle_border_color=\u00bb#7EBEC5&#8243; icon_placement=\u00bbleft\u00bb animation=\u00bboff\u00bb background_layout=\u00bblight\u00bb text_orientation=\u00bbleft\u00bb use_icon_font_size=\u00bboff\u00bb use_border_color=\u00bboff\u00bb border_color=\u00bb#ffffff\u00bb border_style=\u00bbsolid\u00bb font_icon=\u00bb%%286%%\u00bb]<\/p>\n<h2><strong>Misi\u00f3n<\/strong><\/h2>\n<ul>\n<li>Ser la plataforma m\u00e1s importante para cada uno de nuestros clientes al proveerles servicios de calidad, con esmero profesional en cada uno de los pasos de la cadena log\u00edstica.<\/li>\n<li>Ser el v\u00ednculo entre sus negocios y la maximizaci\u00f3n de sus recursos en sus diversas operaciones de comercio exterior y transporte.<\/li>\n<\/ul>\n<p>[\/et_pb_blurb][\/et_pb_column][et_pb_column type=\u00bb1_3&#8243;][et_pb_blurb admin_label=\u00bbVisi\u00f3n\u00bb url_new_window=\u00bboff\u00bb use_icon=\u00bbon\u00bb icon_color=\u00bb#006600&#8243; use_circle=\u00bboff\u00bb circle_color=\u00bb#7EBEC5&#8243; use_circle_border=\u00bboff\u00bb circle_border_color=\u00bb#7EBEC5&#8243; icon_placement=\u00bbleft\u00bb animation=\u00bboff\u00bb background_layout=\u00bblight\u00bb text_orientation=\u00bbleft\u00bb use_icon_font_size=\u00bboff\u00bb use_border_color=\u00bboff\u00bb border_color=\u00bb#ffffff\u00bb border_style=\u00bbsolid\u00bb font_icon=\u00bb%%234%%\u00bb]<\/p>\n<h2><strong>Visi\u00f3n<\/strong><\/h2>\n<ul>\n<li>Ser una empresa l\u00edder en la provisi\u00f3n de servicios de log\u00edstica para las diversas industrias, desde las peque\u00f1as hasta las grandes multinacionales.<\/li>\n<li>Ser reconocidos por nuestros valores institucionales, nuestra \u00e9tica profesional\u00a0y nuestra mejora continua en cada uno de nuestros servicios ofrecidos durante el movimiento de su carga en cualquier parte del mundo.<\/li>\n<\/ul>\n<p>[\/et_pb_blurb][\/et_pb_column][et_pb_column type=\u00bb1_3&#8243;][et_pb_blurb admin_label=\u00bbValores\u00bb url_new_window=\u00bboff\u00bb use_icon=\u00bbon\u00bb icon_color=\u00bb#006600&#8243; use_circle=\u00bboff\u00bb circle_color=\u00bb#7EBEC5&#8243; use_circle_border=\u00bboff\u00bb circle_border_color=\u00bb#7EBEC5&#8243; icon_placement=\u00bbleft\u00bb animation=\u00bboff\u00bb background_layout=\u00bblight\u00bb text_orientation=\u00bbleft\u00bb use_icon_font_size=\u00bboff\u00bb use_border_color=\u00bboff\u00bb border_color=\u00bb#ffffff\u00bb border_style=\u00bbsolid\u00bb font_icon=\u00bb%%277%%\u00bb]<\/p>\n<h2><strong>Valores<\/strong><\/h2>\n<ul>\n<li>\u00c9tica profesional<\/li>\n<li>Responsabilidad<\/li>\n<li>Comunicaci\u00f3n constante<\/li>\n<li>Calidad en los servicios<\/li>\n<li>Mejora continua<\/li>\n<li>Innovaci\u00f3n<\/li>\n<li>Confiabilidad<\/li>\n<li>Honestidad<\/li>\n<li>Servicio al cliente<\/li>\n<li>Respeto a los valores morales, \u00e9ticos y legales<\/li>\n<li>\u00a0Trabajo en equipo<\/li>\n<li>\u00a0Compromiso con nuestros clientes<\/li>\n<li>\u00a0Compromiso con nuestros recursos humanos<\/li>\n<\/ul>\n<p>[\/et_pb_blurb][\/et_pb_column][\/et_pb_row][\/et_pb_section][et_pb_section admin_label=\u00bbSecci\u00f3n\u00bb transparent_background=\u00bboff\u00bb allow_player_pause=\u00bboff\u00bb inner_shadow=\u00bboff\u00bb parallax=\u00bboff\u00bb parallax_method=\u00bbon\u00bb padding_mobile=\u00bboff\u00bb make_fullwidth=\u00bboff\u00bb use_custom_width=\u00bboff\u00bb width_unit=\u00bboff\u00bb custom_width_px=\u00bb1080px\u00bb custom_width_percent=\u00bb80%\u00bb make_equal=\u00bboff\u00bb use_custom_gutter=\u00bboff\u00bb fullwidth=\u00bbon\u00bb specialty=\u00bboff\u00bb disabled=\u00bboff\u00bb][et_pb_fullwidth_header admin_label=\u00bbT\u00edtulo de anchura completa\u00bb title=\u00bbExpertos en log\u00edstica y comercio exterior\u00bb background_layout=\u00bbdark\u00bb text_orientation=\u00bbcenter\u00bb header_fullscreen=\u00bboff\u00bb header_scroll_down=\u00bboff\u00bb title_font_color=\u00bb#faff00&#8243; button_one_text=\u00bbCont\u00e1ctanos\u00bb button_one_url=\u00bbhttp:\/\/besmacargo.com\/es-es\/contacto\u00bb background_url=\u00bbhttp:\/\/besmacargo.com\/es-es\/wp-content\/uploads\/besma-contactanos-3-2.jpg\u00bb background_overlay_color=\u00bbrgba(0,0,0,0.52)\u00bb parallax=\u00bbon\u00bb parallax_method=\u00bboff\u00bb content_orientation=\u00bbcenter\u00bb image_orientation=\u00bbcenter\u00bb title_font=\u00bb|on|on||\u00bb title_font_size=\u00bb35px\u00bb subhead_font=\u00bb|on|on||\u00bb subhead_font_size=\u00bb24px\u00bb custom_button_one=\u00bbon\u00bb button_one_text_color=\u00bb#1d4c00&#8243; button_one_bg_color=\u00bb#edf000&#8243; button_one_border_width=\u00bb1px\u00bb button_one_border_color=\u00bb#edf000&#8243; button_one_border_radius=\u00bb7px\u00bb button_one_letter_spacing=\u00bb0&#8243; button_one_font=\u00bb|on|||\u00bb button_one_use_icon=\u00bbon\u00bb button_one_icon=\u00bb9&#8243; button_one_icon_placement=\u00bbright\u00bb button_one_on_hover=\u00bboff\u00bb button_one_letter_spacing_hover=\u00bb0&#8243; custom_button_two=\u00bboff\u00bb button_two_letter_spacing=\u00bb0&#8243; button_two_use_icon=\u00bbdefault\u00bb button_two_icon_placement=\u00bbright\u00bb button_two_on_hover=\u00bbon\u00bb button_two_letter_spacing_hover=\u00bb0&#8243; disabled=\u00bboff\u00bb] [\/et_pb_fullwidth_header][\/et_pb_section]<\/p>\n","protected":false},"excerpt":{"rendered":"<p>\u00bfQu\u00e9 te ofrecemos? Facilitamos la log\u00edstica en comercio exterior 10 a\u00f1os de experiencia Somos una empresa espa\u00f1ola y formamos parte de un grupo de empresas dedicadas desde hace m\u00e1s de 10 a\u00f1os a la log\u00edstica y las diferentes operaciones de comercio exterior.\u00a0C\u00f3mo transitorio y agente de aduanas en Espa\u00f1a, nuestros diversos convenios con navieras, aerol\u00edneas, [&hellip;]<\/p>\n","protected":false},"author":2,"featured_media":0,"parent":0,"menu_order":0,"comment_status":"closed","ping_status":"closed","template":"","meta":{"_et_pb_use_builder":"on","_et_pb_old_content":"","_et_gb_content_width":"","footnotes":""},"class_list":["post-399","page","type-page","status-publish","hentry"],"aioseo_notices":[],"_links":{"self":[{"href":"http:\/\/besmacargo.com\/es-es\/wp-json\/wp\/v2\/pages\/399","targetHints":{"allow":["GET"]}}],"collection":[{"href":"http:\/\/besmacargo.com\/es-es\/wp-json\/wp\/v2\/pages"}],"about":[{"href":"http:\/\/besmacargo.com\/es-es\/wp-json\/wp\/v2\/types\/page"}],"author":[{"embeddable":true,"href":"http:\/\/besmacargo.com\/es-es\/wp-json\/wp\/v2\/users\/2"}],"replies":[{"embeddable":true,"href":"http:\/\/besmacargo.com\/es-es\/wp-json\/wp\/v2\/comments?post=399"}],"version-history":[{"count":6,"href":"http:\/\/besmacargo.com\/es-es\/wp-json\/wp\/v2\/pages\/399\/revisions"}],"predecessor-version":[{"id":513,"href":"http:\/\/besmacargo.com\/es-es\/wp-json\/wp\/v2\/pages\/399\/revisions\/513"}],"wp:attachment":[{"href":"http:\/\/besmacargo.com\/es-es\/wp-json\/wp\/v2\/media?parent=399"}],"curies":[{"name":"wp","href":"https:\/\/api.w.org\/{rel}","templated":true}]}}